{"id":860,"date":"2023-10-20T08:44:36","date_gmt":"2023-10-20T08:44:36","guid":{"rendered":"https:\/\/xdsolutions.es\/?page_id=860"},"modified":"2023-10-20T10:44:49","modified_gmt":"2023-10-20T10:44:49","slug":"equipment-for-leak-detection","status":"publish","type":"page","link":"https:\/\/xdsolutions.es\/en\/equipment-for-leak-detection\/","title":{"rendered":"Equipment for Leak Detection"},"content":{"rendered":"<p>[et_pb_section fb_built=&#8221;1&#8243; fullwidth=&#8221;on&#8221; _builder_version=&#8221;4.6.6&#8243; _module_preset=&#8221;default&#8221;][et_pb_fullwidth_slider _builder_version=&#8221;4.6.6&#8243; _module_preset=&#8221;default&#8221; body_font_size=&#8221;30px&#8221;][et_pb_slide _builder_version=&#8221;4.6.6&#8243; _module_preset=&#8221;default&#8221; header_font=&#8221;|700|||||||&#8221; header_text_color=&#8221;#15314e&#8221; background_image=&#8221;https:\/\/xdsolutions.es\/wp-content\/uploads\/2023\/10\/mapa_fugas-scaled2.png&#8221; background_enable_image=&#8221;on&#8221; background_position=&#8221;top_center&#8221; text_orientation=&#8221;left&#8221; background_layout=&#8221;light&#8221; sticky_transition=&#8221;on&#8221;][\/et_pb_slide][\/et_pb_fullwidth_slider][\/et_pb_section][et_pb_section fb_built=&#8221;1&#8243; _builder_version=&#8221;4.6.6&#8243; _module_preset=&#8221;default&#8221;][et_pb_row _builder_version=&#8221;4.6.6&#8243; _module_preset=&#8221;default&#8221;][et_pb_column type=&#8221;4_4&#8243; _builder_version=&#8221;4.6.6&#8243; _module_preset=&#8221;default&#8221;][et_pb_text _builder_version=&#8221;4.6.6&#8243; text_font=&#8221;Raleway|||on|||||&#8221; text_text_color=&#8221;rgba(0,0,0,0.17)&#8221; text_font_size=&#8221;52px&#8221; text_line_height=&#8221;0.9em&#8221; header_font=&#8221;||||||||&#8221; header_2_font=&#8221;Raleway|500|||||||&#8221; header_2_font_size=&#8221;45px&#8221; header_2_letter_spacing=&#8221;1px&#8221; header_2_line_height=&#8221;1.4em&#8221; text_orientation=&#8221;center&#8221; custom_margin=&#8221;||35px||false|false&#8221; custom_margin_tablet=&#8221;||0px|&#8221; custom_margin_phone=&#8221;&#8221; custom_margin_last_edited=&#8221;on|phone&#8221; text_font_size_tablet=&#8221;80px&#8221; text_font_size_phone=&#8221;40px&#8221; text_font_size_last_edited=&#8221;on|desktop&#8221; header_2_font_size_tablet=&#8221;&#8221; header_2_font_size_phone=&#8221;36px&#8221; header_2_font_size_last_edited=&#8221;on|phone&#8221; locked=&#8221;off&#8221;]<\/p>\n<p>MAIN PRODUCTS<\/p>\n<p>[\/et_pb_text][\/et_pb_column][\/et_pb_row][et_pb_row column_structure=&#8221;1_4,1_4,1_4,1_4&#8243; _builder_version=&#8221;4.6.6&#8243; _module_preset=&#8221;default&#8221; max_width=&#8221;2560px&#8221;][et_pb_column type=&#8221;1_4&#8243; _builder_version=&#8221;4.6.6&#8243; _module_preset=&#8221;default&#8221;][et_pb_image src=&#8221;https:\/\/xdsolutions.es\/wp-content\/uploads\/2023\/10\/Captura-de-pantalla-de-2023-10-19-12-00-56.png&#8221; title_text=&#8221;Captura de pantalla de 2023-10-19 12-00-56&#8243; align=&#8221;center&#8221; force_fullwidth=&#8221;on&#8221; _builder_version=&#8221;4.6.6&#8243; _module_preset=&#8221;default&#8221;][\/et_pb_image][et_pb_text _builder_version=&#8221;4.6.6&#8243; _module_preset=&#8221;default&#8221; text_font=&#8221;|700|||||||&#8221; text_font_size=&#8221;25px&#8221; text_orientation=&#8221;center&#8221;]<\/p>\n<p>Ground Listening and correlation<\/p>\n<p>[\/et_pb_text][\/et_pb_column][et_pb_column type=&#8221;1_4&#8243; _builder_version=&#8221;4.6.6&#8243; _module_preset=&#8221;default&#8221;][et_pb_image src=&#8221;https:\/\/xdsolutions.es\/wp-content\/uploads\/2023\/10\/Captura-de-pantalla-de-2023-10-19-12-05-27.png&#8221; title_text=&#8221;Captura de pantalla de 2023-10-19 12-05-27&#8243; align=&#8221;center&#8221; force_fullwidth=&#8221;on&#8221; _builder_version=&#8221;4.6.6&#8243; _module_preset=&#8221;default&#8221;][\/et_pb_image][et_pb_text _builder_version=&#8221;4.6.6&#8243; _module_preset=&#8221;default&#8221; text_font=&#8221;|700|||||||&#8221; text_font_size=&#8221;25px&#8221; text_orientation=&#8221;center&#8221;]Gas<br \/>\n[\/et_pb_text][\/et_pb_column][et_pb_column type=&#8221;1_4&#8243; _builder_version=&#8221;4.6.6&#8243; _module_preset=&#8221;default&#8221;][et_pb_image src=&#8221;https:\/\/xdsolutions.es\/wp-content\/uploads\/2023\/10\/Captura-de-pantalla-de-2023-10-19-12-06-15.png&#8221; align=&#8221;center&#8221; force_fullwidth=&#8221;on&#8221; _builder_version=&#8221;4.6.6&#8243; _module_preset=&#8221;default&#8221;][\/et_pb_image][et_pb_text _builder_version=&#8221;4.6.6&#8243; _module_preset=&#8221;default&#8221; text_font=&#8221;|700|||||||&#8221; text_font_size=&#8221;25px&#8221; text_orientation=&#8221;center&#8221;]<\/p>\n<p>Noise logger<\/p>\n<p>[\/et_pb_text][\/et_pb_column][et_pb_column type=&#8221;1_4&#8243; _builder_version=&#8221;4.6.6&#8243; _module_preset=&#8221;default&#8221;][et_pb_image src=&#8221;https:\/\/xdsolutions.es\/wp-content\/uploads\/2023\/10\/Captura-de-pantalla-de-2023-10-19-12-13-36.png&#8221; align=&#8221;center&#8221; force_fullwidth=&#8221;on&#8221; _builder_version=&#8221;4.6.6&#8243; _module_preset=&#8221;default&#8221;][\/et_pb_image][et_pb_text _builder_version=&#8221;4.6.6&#8243; _module_preset=&#8221;default&#8221; text_font=&#8221;|700|||||||&#8221; text_font_size=&#8221;25px&#8221; text_orientation=&#8221;center&#8221;]<\/p>\n<p>Datalogger<\/p>\n<p>[\/et_pb_text][\/et_pb_column][\/et_pb_row][et_pb_row _builder_version=&#8221;4.6.6&#8243; _module_preset=&#8221;default&#8221;][et_pb_column type=&#8221;4_4&#8243; _builder_version=&#8221;4.6.6&#8243; _module_preset=&#8221;default&#8221;][et_pb_text _builder_version=&#8221;4.6.6&#8243; text_font=&#8221;Raleway|||on|||||&#8221; text_text_color=&#8221;rgba(0,0,0,0.17)&#8221; text_font_size=&#8221;52px&#8221; text_line_height=&#8221;0.9em&#8221; header_font=&#8221;||||||||&#8221; header_2_font=&#8221;Raleway|500|||||||&#8221; header_2_font_size=&#8221;45px&#8221; header_2_letter_spacing=&#8221;1px&#8221; header_2_line_height=&#8221;1.4em&#8221; text_orientation=&#8221;center&#8221; custom_margin=&#8221;||35px||false|false&#8221; custom_margin_tablet=&#8221;||0px|&#8221; custom_margin_phone=&#8221;&#8221; custom_margin_last_edited=&#8221;on|phone&#8221; text_font_size_tablet=&#8221;80px&#8221; text_font_size_phone=&#8221;40px&#8221; text_font_size_last_edited=&#8221;on|desktop&#8221; header_2_font_size_tablet=&#8221;&#8221; header_2_font_size_phone=&#8221;36px&#8221; header_2_font_size_last_edited=&#8221;on|phone&#8221; locked=&#8221;off&#8221;]<\/p>\n<p>GSM TRANSMISSION PRELOCERS<\/p>\n<p>[\/et_pb_text][\/et_pb_column][\/et_pb_row][et_pb_row column_structure=&#8221;3_5,2_5&#8243; _builder_version=&#8221;4.6.6&#8243; _module_preset=&#8221;default&#8221; custom_padding=&#8221;0px|||||&#8221;][et_pb_column type=&#8221;3_5&#8243; _builder_version=&#8221;4.6.6&#8243; _module_preset=&#8221;default&#8221;][et_pb_text _builder_version=&#8221;4.6.6&#8243; _module_preset=&#8221;default&#8221; text_font_size=&#8221;15px&#8221;]<\/p>\n<p>From the 1st to the 4th generation of ORTOMAT O4G MTC prelocators<\/p>\n<p>APPLICATIONS:<\/p>\n<ul>\n<li>Continuous and permanent monitoring of the network to control leaks.<\/li>\n<li>ANR reduction, improved efficiency, &#8230;.<\/li>\n<li>Remote control. Centralization of leak detection services. Reduction of field work.<\/li>\n<li>Temporal and intense analysis of sectors\/networks with low efficiency<\/li>\n<\/ul>\n<p>[\/et_pb_text][\/et_pb_column][et_pb_column type=&#8221;2_5&#8243; _builder_version=&#8221;4.6.6&#8243; _module_preset=&#8221;default&#8221;][et_pb_image src=&#8221;https:\/\/xdsolutions.es\/wp-content\/uploads\/2023\/10\/2.jpg&#8221; title_text=&#8221;2&#8243; _builder_version=&#8221;4.6.6&#8243; _module_preset=&#8221;default&#8221;][\/et_pb_image][\/et_pb_column][\/et_pb_row][et_pb_row _builder_version=&#8221;4.6.6&#8243; _module_preset=&#8221;default&#8221; custom_padding=&#8221;||0px|||&#8221; locked=&#8221;off&#8221;][et_pb_column type=&#8221;4_4&#8243; _builder_version=&#8221;4.6.6&#8243; _module_preset=&#8221;default&#8221;][et_pb_text _builder_version=&#8221;4.6.6&#8243; text_font=&#8221;Raleway|||on|||||&#8221; text_text_color=&#8221;rgba(0,0,0,0.17)&#8221; text_font_size=&#8221;52px&#8221; text_line_height=&#8221;0.9em&#8221; header_font=&#8221;||||||||&#8221; header_2_font=&#8221;Raleway|500|||||||&#8221; header_2_font_size=&#8221;45px&#8221; header_2_letter_spacing=&#8221;1px&#8221; header_2_line_height=&#8221;1.4em&#8221; text_orientation=&#8221;center&#8221; custom_margin=&#8221;||35px||false|false&#8221; custom_margin_tablet=&#8221;||0px|&#8221; custom_margin_phone=&#8221;&#8221; custom_margin_last_edited=&#8221;on|phone&#8221; text_font_size_tablet=&#8221;80px&#8221; text_font_size_phone=&#8221;40px&#8221; text_font_size_last_edited=&#8221;on|desktop&#8221; header_2_font_size_tablet=&#8221;&#8221; header_2_font_size_phone=&#8221;36px&#8221; header_2_font_size_last_edited=&#8221;on|phone&#8221; locked=&#8221;off&#8221;]<\/p>\n<p>SERVICES<\/p>\n<p>[\/et_pb_text][\/et_pb_column][\/et_pb_row][et_pb_row column_structure=&#8221;1_3,1_3,1_3&#8243; _builder_version=&#8221;3.25&#8243; custom_margin=&#8221;|||&#8221; custom_padding=&#8221;|||&#8221; locked=&#8221;off&#8221;][et_pb_column type=&#8221;1_3&#8243; _builder_version=&#8221;3.25&#8243; custom_padding=&#8221;|||&#8221; custom_padding__hover=&#8221;|||&#8221;][et_pb_blurb title=&#8221;Leak Search Campaigns&#8221; url=&#8221;https:\/\/xdsolutions.es\/gestion-proyectos\/&#8221; _builder_version=&#8221;4.6.6&#8243; header_font=&#8221;Raleway|700||on|||||&#8221; header_font_size=&#8221;24px&#8221; header_line_height=&#8221;1.2em&#8221; body_font=&#8221;Raleway||||||||&#8221; body_font_size=&#8221;15px&#8221; body_line_height=&#8221;1.8em&#8221; background_color=&#8221;#15314e&#8221; text_orientation=&#8221;center&#8221; background_layout=&#8221;dark&#8221; custom_padding=&#8221;40px|30px|40px|30px|true|true&#8221; custom_padding_tablet=&#8221;&#8221; custom_padding_phone=&#8221;0px|30px|25px|30px|false|true&#8221; custom_padding_last_edited=&#8221;on|phone&#8221; animation_style=&#8221;fold&#8221; animation_duration=&#8221;450ms&#8221; animation=&#8221;off&#8221;][\/et_pb_blurb][\/et_pb_column][et_pb_column type=&#8221;1_3&#8243; _builder_version=&#8221;3.25&#8243; custom_padding=&#8221;|||&#8221; custom_padding__hover=&#8221;|||&#8221;][et_pb_blurb title=&#8221;EMERGENCY SERVICES&#8221; url=&#8221;https:\/\/xdsolutions.es\/automatizacion-industrial\/&#8221; _builder_version=&#8221;4.6.6&#8243; header_font=&#8221;Raleway|700|||||||&#8221; header_text_align=&#8221;center&#8221; header_font_size=&#8221;24px&#8221; header_line_height=&#8221;1.2em&#8221; body_font=&#8221;Raleway||||||||&#8221; body_font_size=&#8221;15px&#8221; body_line_height=&#8221;1.8em&#8221; background_color=&#8221;#ffffff&#8221; custom_padding=&#8221;40px|30px|40px|30px|true|true&#8221; custom_padding_tablet=&#8221;&#8221; custom_padding_phone=&#8221;0px|30px|25px|30px|false|true&#8221; custom_padding_last_edited=&#8221;on|phone&#8221; animation_style=&#8221;fold&#8221; animation_duration=&#8221;450ms&#8221; animation_delay=&#8221;150ms&#8221; animation=&#8221;off&#8221; locked=&#8221;off&#8221;][\/et_pb_blurb][\/et_pb_column][et_pb_column type=&#8221;1_3&#8243; _builder_version=&#8221;3.25&#8243; custom_padding=&#8221;|||&#8221; custom_padding__hover=&#8221;|||&#8221;][et_pb_blurb title=&#8221;PRELOCATION CAMPAIGNS&#8221; url=&#8221;https:\/\/xdsolutions.es\/gestion-proyectos\/&#8221; _builder_version=&#8221;4.6.6&#8243; header_font=&#8221;Raleway|700|||||||&#8221; header_text_align=&#8221;center&#8221; header_font_size=&#8221;24px&#8221; header_line_height=&#8221;1.2em&#8221; body_font=&#8221;Raleway||||||||&#8221; body_font_size=&#8221;15px&#8221; body_line_height=&#8221;1.8em&#8221; background_color=&#8221;#15314e&#8221; background_layout=&#8221;dark&#8221; custom_padding=&#8221;40px|30px|40px|30px|true|true&#8221; custom_padding_tablet=&#8221;&#8221; custom_padding_phone=&#8221;0px|30px|25px|30px|false|true&#8221; custom_padding_last_edited=&#8221;on|phone&#8221; animation_style=&#8221;fold&#8221; animation_duration=&#8221;450ms&#8221; animation=&#8221;off&#8221;][\/et_pb_blurb][\/et_pb_column][\/et_pb_row][\/et_pb_section]<\/p>\n","protected":false},"excerpt":{"rendered":"<p>MAIN PRODUCTSGround Listening and correlationGas Noise loggerDataloggerGSM TRANSMISSION PRELOCERSFrom the 1st to the 4th generation of ORTOMAT O4G MTC prelocators APPLICATIONS: Continuous and permanent monitoring of the network to control leaks. ANR reduction, improved efficiency, &#8230;. Remote control. Centralization of leak detection services. Reduction of field work. Temporal and intense analysis of sectors\/networks with low [&hellip;]<\/p>\n","protected":false},"author":1,"featured_media":0,"parent":0,"menu_order":0,"comment_status":"closed","ping_status":"closed","template":"","meta":{"_et_pb_use_builder":"on","_et_pb_old_content":"<p>[et_pb_section fb_built=\"1\" fullwidth=\"on\" _builder_version=\"4.6.6\" _module_preset=\"default\"][et_pb_fullwidth_slider _builder_version=\"4.6.6\" _module_preset=\"default\" body_font_size=\"30px\"][et_pb_slide heading=\"vonRoll hydro Espa\u00f1a\" _builder_version=\"4.6.6\" _module_preset=\"default\" header_font=\"|700|||||||\" header_text_color=\"#15314e\" background_image=\"https:\/\/xdsolutions.es\/wp-content\/uploads\/2023\/10\/mapa_fugas_logos-scaled.jpg\" background_enable_image=\"on\" background_position=\"top_center\" text_orientation=\"left\" background_layout=\"light\" sticky_transition=\"on\"]<\/p><p>Presentaci\u00f3n Ortomat O4G<\/p><p>[\/et_pb_slide][\/et_pb_fullwidth_slider][\/et_pb_section][et_pb_section fb_built=\"1\" _builder_version=\"4.6.6\" _module_preset=\"default\"][et_pb_row _builder_version=\"4.6.6\" _module_preset=\"default\"][et_pb_column type=\"4_4\" _builder_version=\"4.6.6\" _module_preset=\"default\"][et_pb_text _builder_version=\"4.6.6\" text_font=\"Raleway|||on|||||\" text_text_color=\"rgba(0,0,0,0.17)\" text_font_size=\"52px\" text_line_height=\"0.9em\" header_font=\"||||||||\" header_2_font=\"Raleway|500|||||||\" header_2_font_size=\"45px\" header_2_letter_spacing=\"1px\" header_2_line_height=\"1.4em\" text_orientation=\"center\" custom_margin=\"||35px||false|false\" custom_margin_tablet=\"||0px|\" custom_margin_phone=\"\" custom_margin_last_edited=\"on|phone\" text_font_size_tablet=\"80px\" text_font_size_phone=\"40px\" text_font_size_last_edited=\"on|desktop\" header_2_font_size_tablet=\"\" header_2_font_size_phone=\"36px\" header_2_font_size_last_edited=\"on|phone\" locked=\"off\"]<\/p><p>Productos principales<\/p><p>[\/et_pb_text][\/et_pb_column][\/et_pb_row][et_pb_row column_structure=\"1_4,1_4,1_4,1_4\" _builder_version=\"4.6.6\" _module_preset=\"default\" max_width=\"2560px\"][et_pb_column type=\"1_4\" _builder_version=\"4.6.6\" _module_preset=\"default\"][et_pb_image src=\"https:\/\/xdsolutions.es\/wp-content\/uploads\/2023\/10\/Captura-de-pantalla-de-2023-10-19-12-00-56.png\" title_text=\"Captura de pantalla de 2023-10-19 12-00-56\" align=\"center\" force_fullwidth=\"on\" _builder_version=\"4.6.6\" _module_preset=\"default\"][\/et_pb_image][et_pb_text _builder_version=\"4.6.6\" _module_preset=\"default\" text_font=\"|700|||||||\" text_font_size=\"25px\" text_orientation=\"center\"]<\/p><p>Escucha terrestre y correlaci\u00f3n<\/p><p>[\/et_pb_text][\/et_pb_column][et_pb_column type=\"1_4\" _builder_version=\"4.6.6\" _module_preset=\"default\"][et_pb_image src=\"https:\/\/xdsolutions.es\/wp-content\/uploads\/2023\/10\/Captura-de-pantalla-de-2023-10-19-12-05-27.png\" title_text=\"Captura de pantalla de 2023-10-19 12-05-27\" align=\"center\" force_fullwidth=\"on\" _builder_version=\"4.6.6\" _module_preset=\"default\"][\/et_pb_image][et_pb_text _builder_version=\"4.6.6\" _module_preset=\"default\" text_font=\"|700|||||||\" text_font_size=\"25px\" text_orientation=\"center\"]<\/p><p>Gas<\/p><p>[\/et_pb_text][\/et_pb_column][et_pb_column type=\"1_4\" _builder_version=\"4.6.6\" _module_preset=\"default\"][et_pb_image src=\"https:\/\/xdsolutions.es\/wp-content\/uploads\/2023\/10\/Captura-de-pantalla-de-2023-10-19-12-06-15.png\" align=\"center\" force_fullwidth=\"on\" _builder_version=\"4.6.6\" _module_preset=\"default\"][\/et_pb_image][et_pb_text _builder_version=\"4.6.6\" _module_preset=\"default\" text_font=\"|700|||||||\" text_font_size=\"25px\" text_orientation=\"center\"]<\/p><p>Registrador de ruido<\/p><p>[\/et_pb_text][\/et_pb_column][et_pb_column type=\"1_4\" _builder_version=\"4.6.6\" _module_preset=\"default\"][et_pb_image src=\"https:\/\/xdsolutions.es\/wp-content\/uploads\/2023\/10\/Captura-de-pantalla-de-2023-10-19-12-13-36.png\" align=\"center\" force_fullwidth=\"on\" _builder_version=\"4.6.6\" _module_preset=\"default\"][\/et_pb_image][et_pb_text _builder_version=\"4.6.6\" _module_preset=\"default\" text_font=\"|700|||||||\" text_font_size=\"25px\" text_orientation=\"center\"]<\/p><p>Registrador de datos<\/p><p>[\/et_pb_text][\/et_pb_column][\/et_pb_row][et_pb_row _builder_version=\"4.6.6\" _module_preset=\"default\"][et_pb_column type=\"4_4\" _builder_version=\"4.6.6\" _module_preset=\"default\"][et_pb_text _builder_version=\"4.6.6\" text_font=\"Raleway|||on|||||\" text_text_color=\"rgba(0,0,0,0.17)\" text_font_size=\"52px\" text_line_height=\"0.9em\" header_font=\"||||||||\" header_2_font=\"Raleway|500|||||||\" header_2_font_size=\"45px\" header_2_letter_spacing=\"1px\" header_2_line_height=\"1.4em\" text_orientation=\"center\" custom_margin=\"||35px||false|false\" custom_margin_tablet=\"||0px|\" custom_margin_phone=\"\" custom_margin_last_edited=\"on|phone\" text_font_size_tablet=\"80px\" text_font_size_phone=\"40px\" text_font_size_last_edited=\"on|desktop\" header_2_font_size_tablet=\"\" header_2_font_size_phone=\"36px\" header_2_font_size_last_edited=\"on|phone\" locked=\"off\"]<\/p><p>PRELOCALIZADORES TRANSMISI\u00d3N GSM<\/p><p>[\/et_pb_text][\/et_pb_column][\/et_pb_row][et_pb_row column_structure=\"3_5,2_5\" _builder_version=\"4.6.6\" _module_preset=\"default\" custom_padding=\"0px|||||\"][et_pb_column type=\"3_5\" _builder_version=\"4.6.6\" _module_preset=\"default\"][et_pb_text _builder_version=\"4.6.6\" _module_preset=\"default\" text_font_size=\"15px\"]<\/p><p>De la 1\u00aa a la<strong> 4\u00aa generaci\u00f3n<\/strong> de los prelocalizadores ORTOMAT O4G MTC<\/p><p>APLICACIONES:<\/p><ul><li>Monitorizaci\u00f3n cont\u00ednua y permanente de la red para el control de fugas.<\/li><li>Reducci\u00f3n ANR, mejora eficiencia, ....<\/li><li>Control en remoto. Centralizaci\u00f3n de servicios de detecci\u00f3n de fugas. Reducci\u00f3n trabajo en campo.<\/li><li>An\u00e1lisis temporal e intenso de sectores\/redes con baja eficiencia<\/li><\/ul><p>[\/et_pb_text][\/et_pb_column][et_pb_column type=\"2_5\" _builder_version=\"4.6.6\" _module_preset=\"default\"][et_pb_image src=\"https:\/\/xdsolutions.es\/wp-content\/uploads\/2023\/10\/2.jpg\" title_text=\"2\" _builder_version=\"4.6.6\" _module_preset=\"default\"][\/et_pb_image][\/et_pb_column][\/et_pb_row][\/et_pb_section]<\/p>","_et_gb_content_width":"","footnotes":""},"class_list":["post-860","page","type-page","status-publish","hentry"],"jetpack_sharing_enabled":true,"_links":{"self":[{"href":"https:\/\/xdsolutions.es\/en\/wp-json\/wp\/v2\/pages\/860","targetHints":{"allow":["GET"]}}],"collection":[{"href":"https:\/\/xdsolutions.es\/en\/wp-json\/wp\/v2\/pages"}],"about":[{"href":"https:\/\/xdsolutions.es\/en\/wp-json\/wp\/v2\/types\/page"}],"author":[{"embeddable":true,"href":"https:\/\/xdsolutions.es\/en\/wp-json\/wp\/v2\/users\/1"}],"replies":[{"embeddable":true,"href":"https:\/\/xdsolutions.es\/en\/wp-json\/wp\/v2\/comments?post=860"}],"version-history":[{"count":13,"href":"https:\/\/xdsolutions.es\/en\/wp-json\/wp\/v2\/pages\/860\/revisions"}],"predecessor-version":[{"id":920,"href":"https:\/\/xdsolutions.es\/en\/wp-json\/wp\/v2\/pages\/860\/revisions\/920"}],"wp:attachment":[{"href":"https:\/\/xdsolutions.es\/en\/wp-json\/wp\/v2\/media?parent=860"}],"curies":[{"name":"wp","href":"https:\/\/api.w.org\/{rel}","templated":true}]}}